{"id":168,"date":"2026-01-25T22:01:27","date_gmt":"2026-01-25T21:01:27","guid":{"rendered":"https:\/\/twisly.pl\/?page_id=168"},"modified":"2026-01-27T18:51:51","modified_gmt":"2026-01-27T17:51:51","slug":"obuwie","status":"publish","type":"page","link":"https:\/\/twisly.pl\/?page_id=168","title":{"rendered":"Obuwie"},"content":{"rendered":"\t\t<div data-elementor-type=\"wp-page\" data-elementor-id=\"168\" class=\"elementor elementor-168\">\n\t\t\t\t<div class=\"elementor-element elementor-element-a3ebc5a e-flex e-con-boxed e-con e-parent\" data-id=\"a3ebc5a\" data-element_type=\"container\" data-e-type=\"container\">\n\t\t\t\t\t<div class=\"e-con-inner\">\n\t\t\t\t<div class=\"elementor-element elementor-element-738a16d elementor-widget elementor-widget-shortcode\" data-id=\"738a16d\" data-element_type=\"widget\" data-e-type=\"widget\" data-widget_type=\"shortcode.default\">\n\t\t\t\t\t\t\t<div class=\"elementor-shortcode\"><div class=\"woocommerce columns-4 \"><ul class=\"products columns-4\" data-products=\"type-1\" data-hover=\"zoom-in\">\n<li class=\"product type-product post-194 status-publish first instock product_cat-obuwie has-post-thumbnail shipping-taxable purchasable product-type-variable\">\n\t<a href=\"https:\/\/twisly.pl\/?product=3\" class=\"woocommerce-LoopProduct-link woocommerce-loop-product__link\"><img fetchpriority=\"high\" decoding=\"async\" width=\"300\" height=\"300\" src=\"https:\/\/twisly.pl\/wp-content\/uploads\/2026\/01\/cropped-ChatGPT-Image-22-sty-2026-17_49_38-300x300.png\" class=\"attachment-woocommerce_thumbnail size-woocommerce_thumbnail\" alt=\"3\" srcset=\"https:\/\/twisly.pl\/wp-content\/uploads\/2026\/01\/cropped-ChatGPT-Image-22-sty-2026-17_49_38-300x300.png 300w, https:\/\/twisly.pl\/wp-content\/uploads\/2026\/01\/cropped-ChatGPT-Image-22-sty-2026-17_49_38-150x150.png 150w, https:\/\/twisly.pl\/wp-content\/uploads\/2026\/01\/cropped-ChatGPT-Image-22-sty-2026-17_49_38-400x400.png 400w, https:\/\/twisly.pl\/wp-content\/uploads\/2026\/01\/cropped-ChatGPT-Image-22-sty-2026-17_49_38-270x270.png 270w, https:\/\/twisly.pl\/wp-content\/uploads\/2026\/01\/cropped-ChatGPT-Image-22-sty-2026-17_49_38-192x192.png 192w, https:\/\/twisly.pl\/wp-content\/uploads\/2026\/01\/cropped-ChatGPT-Image-22-sty-2026-17_49_38-180x180.png 180w, https:\/\/twisly.pl\/wp-content\/uploads\/2026\/01\/cropped-ChatGPT-Image-22-sty-2026-17_49_38-32x32.png 32w, https:\/\/twisly.pl\/wp-content\/uploads\/2026\/01\/cropped-ChatGPT-Image-22-sty-2026-17_49_38.png 512w\" sizes=\"(max-width: 300px) 100vw, 300px\" \/><h2 class=\"woocommerce-loop-product__title\">3<\/h2>\n\t<span class=\"price\">Od <span class=\"woocommerce-Price-amount amount\"><bdi>4 355,00&nbsp;<span class=\"woocommerce-Price-currencySymbol\">&#122;&#322;<\/span><\/bdi><\/span><\/span>\n<\/a><a href=\"https:\/\/twisly.pl\/?product=3\" aria-describedby=\"woocommerce_loop_add_to_cart_link_describedby_194\" data-quantity=\"1\" class=\"button product_type_variable add_to_cart_button cfvsw_ajax_add_to_cart\" data-product_id=\"194\" data-product_sku=\"\" aria-label=\"Wybierz opcje dla &bdquo;3&rdquo;\" rel=\"nofollow\" data-add_to_cart_text=\"Add to Cart\" data-select_options_text=\"Select options\">Select options<\/a>\t<span id=\"woocommerce_loop_add_to_cart_link_describedby_194\" class=\"screen-reader-text\">\n\t\tTen produkt ma wiele wariant\u00f3w. Opcje mo\u017cna wybra\u0107 na stronie produktu\t<\/span>\n<\/li>\n<li class=\"product type-product post-419 status-publish instock product_cat-obuwie has-post-thumbnail shipping-taxable purchasable product-type-variable has-default-attributes\">\n\t<a href=\"https:\/\/twisly.pl\/?product=nike-air-force-1-07\" class=\"woocommerce-LoopProduct-link woocommerce-loop-product__link\"><img decoding=\"async\" width=\"300\" height=\"300\" src=\"https:\/\/twisly.pl\/wp-content\/uploads\/2026\/01\/AIRFORCE107-300x300.png\" class=\"attachment-woocommerce_thumbnail size-woocommerce_thumbnail\" alt=\"Nike Air Force 1 &#039;07\" srcset=\"https:\/\/twisly.pl\/wp-content\/uploads\/2026\/01\/AIRFORCE107-300x300.png 300w, https:\/\/twisly.pl\/wp-content\/uploads\/2026\/01\/AIRFORCE107-150x150.png 150w, https:\/\/twisly.pl\/wp-content\/uploads\/2026\/01\/AIRFORCE107-400x400.png 400w\" sizes=\"(max-width: 300px) 100vw, 300px\" \/><h2 class=\"woocommerce-loop-product__title\">Nike Air Force 1 &#8217;07<\/h2>\n\t<span class=\"price\">Od <span class=\"woocommerce-Price-amount amount\"><bdi>399,99&nbsp;<span class=\"woocommerce-Price-currencySymbol\">&#122;&#322;<\/span><\/bdi><\/span><\/span>\n<\/a><a href=\"https:\/\/twisly.pl\/?product=nike-air-force-1-07\" aria-describedby=\"woocommerce_loop_add_to_cart_link_describedby_419\" data-quantity=\"1\" class=\"button product_type_variable add_to_cart_button cfvsw_ajax_add_to_cart\" data-product_id=\"419\" data-product_sku=\"\" aria-label=\"Wybierz opcje dla &bdquo;Nike Air Force 1 &#039;07&rdquo;\" rel=\"nofollow\" data-add_to_cart_text=\"Add to Cart\" data-select_options_text=\"Select options\">Select options<\/a>\t<span id=\"woocommerce_loop_add_to_cart_link_describedby_419\" class=\"screen-reader-text\">\n\t\tTen produkt ma wiele wariant\u00f3w. Opcje mo\u017cna wybra\u0107 na stronie produktu\t<\/span>\n<\/li>\n<\/ul>\n<\/div>\n<\/div>\n\t\t\t\t\t\t<\/div>\n\t\t\t\t\t<\/div>\n\t\t\t\t<\/div>\n\t\t<div class=\"elementor-element elementor-element-048ad83 e-flex e-con-boxed e-con e-parent\" data-id=\"048ad83\" data-element_type=\"container\" data-e-type=\"container\">\n\t\t\t\t\t<div class=\"e-con-inner\">\n\t\t<div class=\"elementor-element elementor-element-b6c9d97 e-con-full e-flex e-con e-child\" data-id=\"b6c9d97\" data-element_type=\"container\" data-e-type=\"container\">\n\t\t\t\t<div class=\"elementor-element elementor-element-e3443e2 elementor-widget elementor-widget-sidebar\" data-id=\"e3443e2\" data-element_type=\"widget\" data-e-type=\"widget\" data-widget_type=\"sidebar.default\">\n\t\t\t\t\t<div class=\"ct-widget widget_block\" id=\"block-18\">\t\t<div data-block-name=\"woocommerce\/product-filters\" style=\"--wc-product-filters-text-color:#111;--wc-product-filters-background-color:#fff\" class=\"wp-block-woocommerce-product-filters wc-block-product-filters is-layout-flex wp-container-woocommerce-product-filters-is-layout-8d9dc39a wp-block-woocommerce-product-filters-is-layout-flex\" data-wp-interactive=\"woocommerce\/product-filters\" data-wp-watch--scrolling=\"callbacks.scrollLimit\" data-wp-on--keyup=\"actions.closeOverlayOnEscape\" data-wp-context=\"{&quot;params&quot;:[],&quot;activeFilters&quot;:[]}\" data-wp-class--is-overlay-opened=\"context.isOverlayOpened\" data-wp-router-region=\"wc-product-filters-d751713988987e9331980363e24189ce\">\n\t\t\t<button\n\t\t\t\tclass=\"wc-block-product-filters__open-overlay\"\n\t\t\t\tdata-wp-on--click=\"actions.openOverlay\"\n\t\t\t>\n\t\t\t\t<svg width=\"24\" height=\"24\" viewBox=\"0 0 24 24\" fill=\"none\" xmlns=\"http:\/\/www.w3.org\/2000\/svg\"><path d=\"M10 17.5H14V16H10V17.5ZM6 6V7.5H18V6H6ZM8 12.5H16V11H8V12.5Z\" fill=\"currentColor\"\/><\/svg>\t\t\t\t<span>Filtrowanie produkt\u00f3w<\/span>\n\t\t\t<\/button>\n\t\t\t<div class=\"wc-block-product-filters__overlay\">\n\t\t\t\t<div class=\"wc-block-product-filters__overlay-wrapper\">\n\t\t\t\t\t<div\n\t\t\t\t\t\tclass=\"wc-block-product-filters__overlay-dialog\"\n\t\t\t\t\t\trole=\"dialog\"\n\t\t\t\t\t\taria-label=\"Filtry produkt\u00f3w\"\n\t\t\t\t\t>\n\t\t\t\t\t\t<header class=\"wc-block-product-filters__overlay-header\">\n\t\t\t\t\t\t\t<button\n\t\t\t\t\t\t\t\tclass=\"wc-block-product-filters__close-overlay\"\n\t\t\t\t\t\t\t\tdata-wp-on--click=\"actions.closeOverlay\"\n\t\t\t\t\t\t\t>\n\t\t\t\t\t\t\t\t<span>Zamknij<\/span>\n\t\t\t\t\t\t\t\t<svg width=\"24\" height=\"24\" viewBox=\"0 0 24 24\" fill=\"none\" xmlns=\"http:\/\/www.w3.org\/2000\/svg\"><path d=\"M12 13.0607L15.7123 16.773L16.773 15.7123L13.0607 12L16.773 8.28772L15.7123 7.22706L12 10.9394L8.28771 7.22705L7.22705 8.28771L10.9394 12L7.22706 15.7123L8.28772 16.773L12 13.0607Z\" fill=\"currentColor\"\/><\/svg>\t\t\t\t\t\t\t<\/button>\n\t\t\t\t\t\t<\/header>\n\t\t\t\t\t\t<div class=\"wc-block-product-filters__overlay-content\">\n\t\t\t\t\t\t\t\t\t\t\t\t\t<\/div>\n\t\t\t\t\t\t<footer\n\t\t\t\t\t\t\tclass=\"wc-block-product-filters__overlay-footer\"\n\t\t\t\t\t\t>\n\t\t\t\t\t\t\t<button\n\t\t\t\t\t\t\t\tclass=\"wc-block-product-filters__apply wp-element-button\"\n\t\t\t\t\t\t\t\tdata-wp-interactive=\"woocommerce\/product-filters\"\n\t\t\t\t\t\t\t\tdata-wp-on--click=\"actions.closeOverlay\"\n\t\t\t\t\t\t\t>\n\t\t\t\t\t\t\t\t<span>Zastosuj<\/span>\n\t\t\t\t\t\t\t<\/button>\n\t\t\t\t\t\t<\/footer>\n\t\t\t\t\t<\/div>\n\t\t\t\t<\/div>\n\t\t\t<\/div>\n\t\t<\/div>\n\t\t<\/div>\t\t\t\t<\/div>\n\t\t\t\t<\/div>\n\t\t<div class=\"elementor-element elementor-element-69853db e-con-full e-flex e-con e-child\" data-id=\"69853db\" data-element_type=\"container\" data-e-type=\"container\">\n\t\t\t\t<\/div>\n\t\t\t\t\t<\/div>\n\t\t\t\t<\/div>\n\t\t\t\t<\/div>\n\t\t","protected":false},"excerpt":{"rendered":"","protected":false},"author":1,"featured_media":0,"parent":0,"menu_order":1,"comment_status":"closed","ping_status":"closed","template":"","meta":{"_acf_changed":false,"footnotes":""},"class_list":["post-168","page","type-page","status-publish","hentry"],"blocksy_meta":[],"acf":[],"_links":{"self":[{"href":"https:\/\/twisly.pl\/index.php?rest_route=\/wp\/v2\/pages\/168","targetHints":{"allow":["GET"]}}],"collection":[{"href":"https:\/\/twisly.pl\/index.php?rest_route=\/wp\/v2\/pages"}],"about":[{"href":"https:\/\/twisly.pl\/index.php?rest_route=\/wp\/v2\/types\/page"}],"author":[{"embeddable":true,"href":"https:\/\/twisly.pl\/index.php?rest_route=\/wp\/v2\/users\/1"}],"replies":[{"embeddable":true,"href":"https:\/\/twisly.pl\/index.php?rest_route=%2Fwp%2Fv2%2Fcomments&post=168"}],"version-history":[{"count":20,"href":"https:\/\/twisly.pl\/index.php?rest_route=\/wp\/v2\/pages\/168\/revisions"}],"predecessor-version":[{"id":332,"href":"https:\/\/twisly.pl\/index.php?rest_route=\/wp\/v2\/pages\/168\/revisions\/332"}],"wp:attachment":[{"href":"https:\/\/twisly.pl\/index.php?rest_route=%2Fwp%2Fv2%2Fmedia&parent=168"}],"curies":[{"name":"wp","href":"https:\/\/api.w.org\/{rel}","templated":true}]}}